{"id":742,"date":"2023-05-12T10:28:49","date_gmt":"2023-05-12T10:28:49","guid":{"rendered":"https:\/\/rtecasaalba.com\/?page_id=742"},"modified":"2025-11-03T11:41:23","modified_gmt":"2025-11-03T11:41:23","slug":"politica-de-privacidad","status":"publish","type":"page","link":"https:\/\/rtecasaalba.com\/va\/politica-de-privacidad\/","title":{"rendered":"Pol\u00edtica de privacidad"},"content":{"rendered":"<div data-elementor-type=\"wp-page\" data-elementor-id=\"742\" class=\"elementor elementor-742\">\n\t\t\t\t\t\t<section class=\"elementor-section elementor-top-section elementor-element elementor-element-3c99093 elementor-section-boxed elementor-section-height-default elementor-section-height-default\" data-id=\"3c99093\" data-element_type=\"section\">\n\t\t\t\t\t\t<div class=\"elementor-container elementor-column-gap-default\">\n\t\t\t\t\t<div class=\"elementor-column elementor-col-100 elementor-top-column elementor-element elementor-element-9149a32\" data-id=\"9149a32\" data-element_type=\"column\">\n\t\t\t<div class=\"elementor-widget-wrap elementor-element-populated\">\n\t\t\t\t\t\t<div class=\"elementor-element elementor-element-8f526a4 elementor-widget elementor-widget-heading\" data-id=\"8f526a4\" data-element_type=\"widget\" data-widget_type=\"heading.default\">\n\t\t\t\t<div class=\"elementor-widget-container\">\n\t\t\t\t\t<h2 class=\"elementor-heading-title elementor-size-default\">POLITICA DE PRIVACIDAD<\/h2>\t\t\t\t<\/div>\n\t\t\t\t<\/div>\n\t\t\t\t<div class=\"elementor-element elementor-element-49581da elementor-widget elementor-widget-text-editor\" data-id=\"49581da\" data-element_type=\"widget\" data-widget_type=\"text-editor.default\">\n\t\t\t\t<div class=\"elementor-widget-container\">\n\t\t\t\t\t\t\t\t\t<h4>1. Responsable del tratamiento de los datos<\/h4>\n<p data-start=\"386\" data-end=\"610\">En cumplimiento del Reglamento (UE) 2016\/679 (RGPD) y de la Ley Org\u00e1nica 3\/2018 (LOPDGDD), se informa a los usuarios de que los datos personales recabados a trav\u00e9s de este sitio web ser\u00e1n tratados bajo la responsabilidad de:<\/p>\n<p data-start=\"612\" data-end=\"809\"><strong data-start=\"612\" data-end=\"628\">Responsable:<\/strong> ALFONSO FOLGADO G\u00d3MEZ<br data-start=\"650\" data-end=\"653\"><strong data-start=\"653\" data-end=\"661\">DNI:<\/strong> 20462457R<br data-start=\"671\" data-end=\"674\"><strong data-start=\"674\" data-end=\"688\">Direcci\u00f3n:<\/strong> Pol. Ind. La Esperanza, C\/ La Rioja, 147 &#8211; 12400 Segorbe (Castell\u00f3n)<br data-start=\"757\" data-end=\"760\"><strong data-start=\"760\" data-end=\"783\">Correo electr\u00f3nico:<\/strong> <a class=\"decorated-link cursor-pointer\" rel=\"noopener\" data-start=\"784\" data-end=\"807\">rtecasaalba@hotmail.com<\/a><\/p>\n<h4>2. Finalidad del tratamiento<\/h4>\n<p data-start=\"845\" data-end=\"1024\">Los datos personales facilitados a trav\u00e9s de los distintos formularios del sitio web (por ejemplo, reservas, contacto o suscripci\u00f3n) ser\u00e1n tratados con las siguientes finalidades:<\/p>\n<ul data-start=\"1026\" data-end=\"1571\">\n<li data-start=\"1026\" data-end=\"1099\">\n<p data-start=\"1028\" data-end=\"1099\"><strong data-start=\"1028\" data-end=\"1050\">Gestionar reservas<\/strong> de mesa o eventos realizadas por los usuarios.<\/p>\n<\/li>\n<li data-start=\"1100\" data-end=\"1221\">\n<p data-start=\"1102\" data-end=\"1221\"><strong data-start=\"1102\" data-end=\"1137\">Atender consultas o solicitudes<\/strong> de informaci\u00f3n enviadas a trav\u00e9s del formulario de contacto o correo electr\u00f3nico.<\/p>\n<\/li>\n<li data-start=\"1222\" data-end=\"1320\">\n<p data-start=\"1224\" data-end=\"1320\"><strong data-start=\"1224\" data-end=\"1258\">Mantener la relaci\u00f3n comercial<\/strong> y realizar gestiones administrativas derivadas de la misma.<\/p>\n<\/li>\n<li data-start=\"1321\" data-end=\"1482\">\n<p data-start=\"1323\" data-end=\"1482\"><strong data-start=\"1323\" data-end=\"1362\">Enviar comunicaciones promocionales<\/strong> sobre ofertas, men\u00fas especiales o eventos del restaurante, cuando el usuario haya otorgado su consentimiento expreso.<\/p>\n<\/li>\n<li data-start=\"1483\" data-end=\"1571\">\n<p data-start=\"1485\" data-end=\"1571\"><strong data-start=\"1485\" data-end=\"1525\">Cumplir con las obligaciones legales<\/strong> derivadas de las actividades del restaurante.<\/p>\n<\/li>\n<\/ul>\n<h4>3. Legitimaci\u00f3n del tratamiento<\/h4>\n<p data-start=\"1610\" data-end=\"1680\">El tratamiento de los datos se basa en las siguientes bases jur\u00eddicas:<\/p>\n<ul data-start=\"1682\" data-end=\"1985\">\n<li data-start=\"1682\" data-end=\"1789\">\n<p data-start=\"1684\" data-end=\"1789\"><strong data-start=\"1684\" data-end=\"1740\">Ejecuci\u00f3n de un contrato o prestaci\u00f3n de un servicio<\/strong> (por ejemplo, gestionar una reserva o pedido).<\/p>\n<\/li>\n<li data-start=\"1790\" data-end=\"1882\">\n<p data-start=\"1792\" data-end=\"1882\"><strong data-start=\"1792\" data-end=\"1825\">Consentimiento del interesado<\/strong>, para el env\u00edo de informaci\u00f3n comercial o promocional.<\/p>\n<\/li>\n<li data-start=\"1883\" data-end=\"1985\">\n<p data-start=\"1885\" data-end=\"1985\"><strong data-start=\"1885\" data-end=\"1925\">Cumplimiento de obligaciones legales<\/strong> (por ejemplo, facturaci\u00f3n, seguridad alimentaria o fiscal).<\/p>\n<\/li>\n<\/ul>\n<h4>4. Conservaci\u00f3n de los datos<\/h4>\n<p data-start=\"2021\" data-end=\"2371\">Los datos personales se conservar\u00e1n mientras se mantenga la relaci\u00f3n comercial y posteriormente durante los plazos legalmente exigidos para el cumplimiento de obligaciones fiscales, contables o de responsabilidad derivada del servicio.<br data-start=\"2256\" data-end=\"2259\">Los datos para el env\u00edo de comunicaciones comerciales se conservar\u00e1n hasta que el usuario solicite su supresi\u00f3n.<\/p>\n<h4>5. Comunicaci\u00f3n de datos<\/h4>\n<p data-start=\"2403\" data-end=\"2757\">No se comunicar\u00e1n los datos personales a terceros salvo por obligaci\u00f3n legal o cuando sea necesario para la correcta prestaci\u00f3n del servicio (por ejemplo, empresas de mantenimiento inform\u00e1tico, gestor\u00eda o proveedores de servicios web), con quienes se firmar\u00e1n los correspondientes contratos de <strong data-start=\"2697\" data-end=\"2723\">encargo de tratamiento<\/strong> conforme al art\u00edculo 28 del RGPD.<\/p>\n<h4>6. Derechos de los usuarios<\/h4>\n<p data-start=\"2792\" data-end=\"2862\">El usuario podr\u00e1 ejercer en cualquier momento los siguientes derechos:<\/p>\n<ul data-start=\"2864\" data-end=\"3221\">\n<li data-start=\"2864\" data-end=\"2909\">\n<p data-start=\"2866\" data-end=\"2909\">Derecho de acceso a sus datos personales.<\/p>\n<\/li>\n<li data-start=\"2910\" data-end=\"2976\">\n<p data-start=\"2912\" data-end=\"2976\">Derecho de rectificaci\u00f3n de los datos inexactos o incompletos.<\/p>\n<\/li>\n<li data-start=\"2977\" data-end=\"3063\">\n<p data-start=\"2979\" data-end=\"3063\">Derecho de supresi\u00f3n (\u201cderecho al olvido\u201d) cuando los datos ya no sean necesarios.<\/p>\n<\/li>\n<li data-start=\"3064\" data-end=\"3117\">\n<p data-start=\"3066\" data-end=\"3117\">Derecho de oposici\u00f3n o limitaci\u00f3n al tratamiento.<\/p>\n<\/li>\n<li data-start=\"3118\" data-end=\"3161\">\n<p data-start=\"3120\" data-end=\"3161\">Derecho a la portabilidad de los datos.<\/p>\n<\/li>\n<li data-start=\"3162\" data-end=\"3221\">\n<p data-start=\"3164\" data-end=\"3221\">Derecho a retirar el consentimiento en cualquier momento.<\/p>\n<\/li>\n<\/ul>\n<p data-start=\"3223\" data-end=\"3422\">Para ejercer estos derechos, el interesado podr\u00e1 enviar un escrito a la direcci\u00f3n postal indicada o un correo electr\u00f3nico a <strong data-start=\"3347\" data-end=\"3374\"><a class=\"decorated-link cursor-pointer\" rel=\"noopener\" data-start=\"3349\" data-end=\"3372\">rtecasaalba@hotmail.com<\/a><\/strong>, adjuntando copia de su documento de identidad.<\/p>\n<p data-start=\"3424\" data-end=\"3619\">Si considera que el tratamiento no se ajusta a la normativa vigente, podr\u00e1 presentar una reclamaci\u00f3n ante la <strong data-start=\"3533\" data-end=\"3583\">Agencia Espa\u00f1ola de Protecci\u00f3n de Datos (AEPD)<\/strong> <a class=\"decorated-link\" href=\"https:\/\/www.aepd.es\" target=\"_new\" rel=\"noopener\" data-start=\"3584\" data-end=\"3618\">www.aepd.es<\/a>.<\/p>\n<h4>7. Medidas de seguridad<\/h4>\n<p data-start=\"3650\" data-end=\"3889\">El responsable del tratamiento aplica las medidas t\u00e9cnicas y organizativas necesarias para garantizar la seguridad, confidencialidad e integridad de los datos personales, evitando su alteraci\u00f3n, p\u00e9rdida, tratamiento o acceso no autorizado.<\/p>\n<h4>8. Pol\u00edtica de cookies<\/h4>\n<p data-start=\"3919\" data-end=\"4200\">Este sitio web puede utilizar <strong data-start=\"3949\" data-end=\"3982\">cookies propias y de terceros<\/strong> con finalidades anal\u00edticas y para mejorar la experiencia de navegaci\u00f3n del usuario.<br data-start=\"4066\" data-end=\"4069\">El uso de cookies se detalla en el documento espec\u00edfico de <strong data-start=\"4128\" data-end=\"4151\">Pol\u00edtica de Cookies<\/strong>, accesible desde el pie de p\u00e1gina del sitio web.<\/p>\n<h4>9. Enlaces a sitios web de terceros<\/h4>\n<p data-start=\"4243\" data-end=\"4576\">En caso de que este sitio web contenga enlaces a p\u00e1ginas externas (por ejemplo, redes sociales o plataformas de reservas), el responsable no se hace responsable de las pol\u00edticas de privacidad de dichos sitios.<br data-start=\"4452\" data-end=\"4455\">Se recomienda al usuario revisar la pol\u00edtica de privacidad correspondiente antes de proporcionar cualquier dato personal.<\/p>\n<h4>10. Modificaciones de esta pol\u00edtica<\/h4>\n<p data-start=\"4619\" data-end=\"4886\">El responsable se reserva el derecho de modificar esta pol\u00edtica de privacidad para adaptarla a novedades legislativas o cambios en las actividades del restaurante.<br data-start=\"4782\" data-end=\"4785\">Las modificaciones se publicar\u00e1n en esta misma p\u00e1gina, indicando la fecha de la \u00faltima actualizaci\u00f3n.<\/p>\t\t\t\t\t\t\t\t<\/div>\n\t\t\t\t<\/div>\n\t\t\t\t\t<\/div>\n\t\t<\/div>\n\t\t\t\t\t<\/div>\n\t\t<\/section>\n\t\t\t\t<\/div>","protected":false},"excerpt":{"rendered":"<p>POLITICA DE PRIVACIDAD 1. Responsable del tratamiento de los datos En cumplimiento del Reglamento (UE) 2016\/679 (RGPD) y de la Ley Org\u00e1nica 3\/2018 (LOPDGDD), se informa a los usuarios de que los datos personales recabados a trav\u00e9s de este sitio web ser\u00e1n tratados bajo la responsabilidad de: Responsable: ALFONSO FOLGADO G\u00d3MEZDNI: 20462457RDirecci\u00f3n: Pol. Ind. La [&hellip;]<\/p>","protected":false},"author":1,"featured_media":0,"parent":0,"menu_order":0,"comment_status":"closed","ping_status":"closed","template":"","meta":{"footnotes":""},"class_list":["post-742","page","type-page","status-publish","hentry"],"_links":{"self":[{"href":"https:\/\/rtecasaalba.com\/va\/wp-json\/wp\/v2\/pages\/742","targetHints":{"allow":["GET"]}}],"collection":[{"href":"https:\/\/rtecasaalba.com\/va\/wp-json\/wp\/v2\/pages"}],"about":[{"href":"https:\/\/rtecasaalba.com\/va\/wp-json\/wp\/v2\/types\/page"}],"author":[{"embeddable":true,"href":"https:\/\/rtecasaalba.com\/va\/wp-json\/wp\/v2\/users\/1"}],"replies":[{"embeddable":true,"href":"https:\/\/rtecasaalba.com\/va\/wp-json\/wp\/v2\/comments?post=742"}],"version-history":[{"count":12,"href":"https:\/\/rtecasaalba.com\/va\/wp-json\/wp\/v2\/pages\/742\/revisions"}],"predecessor-version":[{"id":1283,"href":"https:\/\/rtecasaalba.com\/va\/wp-json\/wp\/v2\/pages\/742\/revisions\/1283"}],"wp:attachment":[{"href":"https:\/\/rtecasaalba.com\/va\/wp-json\/wp\/v2\/media?parent=742"}],"curies":[{"name":"wp","href":"https:\/\/api.w.org\/{rel}","templated":true}]}}