{"id":1261,"date":"2025-11-03T11:32:33","date_gmt":"2025-11-03T11:32:33","guid":{"rendered":"https:\/\/rtecasaalba.com\/?page_id=1261"},"modified":"2025-11-03T11:34:46","modified_gmt":"2025-11-03T11:34:46","slug":"aviso-legal","status":"publish","type":"page","link":"https:\/\/rtecasaalba.com\/va\/aviso-legal\/","title":{"rendered":"Av\u00eds Legal"},"content":{"rendered":"<div data-elementor-type=\"wp-page\" data-elementor-id=\"1261\" class=\"elementor elementor-1261\">\n\t\t\t\t\t\t<section class=\"elementor-section elementor-top-section elementor-element elementor-element-2d0645c elementor-section-boxed elementor-section-height-default elementor-section-height-default\" data-id=\"2d0645c\" data-element_type=\"section\">\n\t\t\t\t\t\t<div class=\"elementor-container elementor-column-gap-default\">\n\t\t\t\t\t<div class=\"elementor-column elementor-col-100 elementor-top-column elementor-element elementor-element-8a64152\" data-id=\"8a64152\" data-element_type=\"column\">\n\t\t\t<div class=\"elementor-widget-wrap elementor-element-populated\">\n\t\t\t\t\t\t<div class=\"elementor-element elementor-element-b97490d elementor-widget elementor-widget-heading\" data-id=\"b97490d\" data-element_type=\"widget\" data-widget_type=\"heading.default\">\n\t\t\t\t<div class=\"elementor-widget-container\">\n\t\t\t\t\t<h2 class=\"elementor-heading-title elementor-size-default\">AVISO LEGAL<\/h2>\t\t\t\t<\/div>\n\t\t\t\t<\/div>\n\t\t\t\t\t<\/div>\n\t\t<\/div>\n\t\t\t\t\t<\/div>\n\t\t<\/section>\n\t\t\t\t<section class=\"elementor-section elementor-top-section elementor-element elementor-element-ff259cb elementor-section-boxed elementor-section-height-default elementor-section-height-default\" data-id=\"ff259cb\" data-element_type=\"section\">\n\t\t\t\t\t\t<div class=\"elementor-container elementor-column-gap-default\">\n\t\t\t\t\t<div class=\"elementor-column elementor-col-100 elementor-top-column elementor-element elementor-element-4b37f88\" data-id=\"4b37f88\" data-element_type=\"column\">\n\t\t\t<div class=\"elementor-widget-wrap elementor-element-populated\">\n\t\t\t\t\t\t<div class=\"elementor-element elementor-element-55a1d6a elementor-widget elementor-widget-text-editor\" data-id=\"55a1d6a\" data-element_type=\"widget\" data-widget_type=\"text-editor.default\">\n\t\t\t\t<div class=\"elementor-widget-container\">\n\t\t\t\t\t\t\t\t\t<p data-start=\"466\" data-end=\"673\"><strong data-start=\"466\" data-end=\"492\">Titular del sitio web:<\/strong> ALFONSO FOLGADO G\u00d3MEZ<br data-start=\"514\" data-end=\"517\"><strong data-start=\"517\" data-end=\"525\">DNI:<\/strong> 20462457R<br data-start=\"535\" data-end=\"538\"><strong data-start=\"538\" data-end=\"552\">Direcci\u00f3n:<\/strong> Pol. Ind. La Esperanza, C\/ La Rioja, 147 &#8211; 12400 Segorbe (Castell\u00f3n)<br data-start=\"621\" data-end=\"624\"><strong data-start=\"624\" data-end=\"647\">Correo electr\u00f3nico:<\/strong> <a class=\"decorated-link cursor-pointer\" rel=\"noopener\" data-start=\"648\" data-end=\"671\">rtecasaalba@hotmail.com<\/a><\/p>\n<p data-start=\"675\" data-end=\"989\">En cumplimiento de lo dispuesto en la <strong data-start=\"713\" data-end=\"827\">Ley 34\/2002, de 11 de julio, de Servicios de la Sociedad de la Informaci\u00f3n y de Comercio Electr\u00f3nico (LSSI-CE)<\/strong>, se informa que el presente sitio web tiene por finalidad ofrecer informaci\u00f3n sobre el restaurante, sus servicios, men\u00fas, eventos y medios de contacto o reserva.<\/p>\n<h4>1. Condiciones de uso<\/h4>\n<p data-start=\"1017\" data-end=\"1359\">El acceso y uso del sitio web atribuyen la condici\u00f3n de <strong data-start=\"1073\" data-end=\"1084\">usuario<\/strong>, implicando la aceptaci\u00f3n plena y sin reservas de las condiciones aqu\u00ed recogidas.<br data-start=\"1166\" data-end=\"1169\">El usuario se compromete a utilizar el sitio web de forma l\u00edcita, adecuada y sin realizar actividades que puedan da\u00f1ar, sobrecargar o deteriorar su funcionamiento o los derechos de terceros.<\/p>\n<h4>2. Propiedad intelectual e industrial<\/h4>\n<p data-start=\"1403\" data-end=\"1780\">Todos los contenidos del sitio web (textos, fotograf\u00edas, logotipos, men\u00fas, dise\u00f1os, etc.) son propiedad de ALFONSO FOLGADO G\u00d3MEZ o de sus respectivos titulares, y est\u00e1n protegidos por la legislaci\u00f3n vigente en materia de propiedad intelectual e industrial.<br data-start=\"1659\" data-end=\"1662\">Queda prohibida la reproducci\u00f3n, distribuci\u00f3n o modificaci\u00f3n de los contenidos sin la autorizaci\u00f3n previa del titular.<\/p>\n<h4>3. Responsabilidad<\/h4>\n<p data-start=\"1805\" data-end=\"2123\">El titular no se hace responsable de los posibles da\u00f1os derivados del mal uso de la informaci\u00f3n contenida en este sitio web ni de los errores t\u00e9cnicos o de seguridad que puedan producirse por causas ajenas a su control.<br data-start=\"2024\" data-end=\"2027\">Asimismo, no se responsabiliza del contenido de sitios web externos enlazados desde esta p\u00e1gina.<\/p>\n<h4>4. Pol\u00edtica de enlaces<\/h4>\n<p data-start=\"2152\" data-end=\"2445\">Este sitio web puede contener enlaces a otras p\u00e1ginas o redes sociales con informaci\u00f3n o promociones relacionadas con el restaurante.<br data-start=\"2285\" data-end=\"2288\">El titular no se hace responsable del contenido ni de las pol\u00edticas de privacidad de dichos sitios, recomendando al usuario leer sus condiciones espec\u00edficas.<\/p>\n<h4>5. Legislaci\u00f3n aplicable<\/h4>\n<p data-start=\"2476\" data-end=\"2641\">La relaci\u00f3n entre el usuario y el titular se regir\u00e1 por la legislaci\u00f3n espa\u00f1ola vigente. Cualquier controversia se someter\u00e1 a los Juzgados y Tribunales de Castell\u00f3n.<\/p>\n<p data-start=\"4458\" data-end=\"4615\">\n<\/p>\t\t\t\t\t\t\t\t<\/div>\n\t\t\t\t<\/div>\n\t\t\t\t\t<\/div>\n\t\t<\/div>\n\t\t\t\t\t<\/div>\n\t\t<\/section>\n\t\t\t\t<\/div>","protected":false},"excerpt":{"rendered":"<p>AVISO LEGAL Titular del sitio web: ALFONSO FOLGADO G\u00d3MEZDNI: 20462457RDirecci\u00f3n: Pol. Ind. La Esperanza, C\/ La Rioja, 147 &#8211; 12400 Segorbe (Castell\u00f3n)Correo electr\u00f3nico: rtecasaalba@hotmail.com En cumplimiento de lo dispuesto en la Ley 34\/2002, de 11 de julio, de Servicios de la Sociedad de la Informaci\u00f3n y de Comercio Electr\u00f3nico (LSSI-CE), se informa que el presente [&hellip;]<\/p>","protected":false},"author":2,"featured_media":0,"parent":0,"menu_order":0,"comment_status":"closed","ping_status":"closed","template":"","meta":{"footnotes":""},"class_list":["post-1261","page","type-page","status-publish","hentry"],"_links":{"self":[{"href":"https:\/\/rtecasaalba.com\/va\/wp-json\/wp\/v2\/pages\/1261","targetHints":{"allow":["GET"]}}],"collection":[{"href":"https:\/\/rtecasaalba.com\/va\/wp-json\/wp\/v2\/pages"}],"about":[{"href":"https:\/\/rtecasaalba.com\/va\/wp-json\/wp\/v2\/types\/page"}],"author":[{"embeddable":true,"href":"https:\/\/rtecasaalba.com\/va\/wp-json\/wp\/v2\/users\/2"}],"replies":[{"embeddable":true,"href":"https:\/\/rtecasaalba.com\/va\/wp-json\/wp\/v2\/comments?post=1261"}],"version-history":[{"count":8,"href":"https:\/\/rtecasaalba.com\/va\/wp-json\/wp\/v2\/pages\/1261\/revisions"}],"predecessor-version":[{"id":1270,"href":"https:\/\/rtecasaalba.com\/va\/wp-json\/wp\/v2\/pages\/1261\/revisions\/1270"}],"wp:attachment":[{"href":"https:\/\/rtecasaalba.com\/va\/wp-json\/wp\/v2\/media?parent=1261"}],"curies":[{"name":"wp","href":"https:\/\/api.w.org\/{rel}","templated":true}]}}