{"id":1271,"date":"2025-11-03T11:36:31","date_gmt":"2025-11-03T11:36:31","guid":{"rendered":"https:\/\/rtecasaalba.com\/?page_id=1271"},"modified":"2025-11-03T11:40:43","modified_gmt":"2025-11-03T11:40:43","slug":"elementor-1271","status":"publish","type":"page","link":"https:\/\/rtecasaalba.com\/en\/elementor-1271\/","title":{"rendered":"Pol\u00edtica de cookies"},"content":{"rendered":"<div data-elementor-type=\"wp-page\" data-elementor-id=\"1271\" class=\"elementor elementor-1271\">\n\t\t\t\t\t\t<section class=\"elementor-section elementor-top-section elementor-element elementor-element-c8376f2 elementor-section-boxed elementor-section-height-default elementor-section-height-default\" data-id=\"c8376f2\" data-element_type=\"section\">\n\t\t\t\t\t\t<div class=\"elementor-container elementor-column-gap-default\">\n\t\t\t\t\t<div class=\"elementor-column elementor-col-100 elementor-top-column elementor-element elementor-element-a16650c\" data-id=\"a16650c\" data-element_type=\"column\">\n\t\t\t<div class=\"elementor-widget-wrap elementor-element-populated\">\n\t\t\t\t\t\t<div class=\"elementor-element elementor-element-a500035 elementor-widget elementor-widget-heading\" data-id=\"a500035\" data-element_type=\"widget\" data-widget_type=\"heading.default\">\n\t\t\t\t<div class=\"elementor-widget-container\">\n\t\t\t\t\t<h2 class=\"elementor-heading-title elementor-size-default\">POLITICA DE COOKIES<\/h2>\t\t\t\t<\/div>\n\t\t\t\t<\/div>\n\t\t\t\t\t<\/div>\n\t\t<\/div>\n\t\t\t\t\t<\/div>\n\t\t<\/section>\n\t\t\t\t<section class=\"elementor-section elementor-top-section elementor-element elementor-element-22a8d25 elementor-section-boxed elementor-section-height-default elementor-section-height-default\" data-id=\"22a8d25\" data-element_type=\"section\">\n\t\t\t\t\t\t<div class=\"elementor-container elementor-column-gap-default\">\n\t\t\t\t\t<div class=\"elementor-column elementor-col-100 elementor-top-column elementor-element elementor-element-f54fbee\" data-id=\"f54fbee\" data-element_type=\"column\">\n\t\t\t<div class=\"elementor-widget-wrap elementor-element-populated\">\n\t\t\t\t\t\t<div class=\"elementor-element elementor-element-dbf57a3 elementor-widget elementor-widget-text-editor\" data-id=\"dbf57a3\" data-element_type=\"widget\" data-widget_type=\"text-editor.default\">\n\t\t\t\t<div class=\"elementor-widget-container\">\n\t\t\t\t\t\t\t\t\t<h4>1. \u00bfQu\u00e9 son las cookies?<\/h4><p data-start=\"4681\" data-end=\"4886\">Las cookies son peque\u00f1os archivos que se descargan en el dispositivo del usuario al acceder a determinadas p\u00e1ginas web. Sirven para almacenar informaci\u00f3n que facilita o mejora la experiencia de navegaci\u00f3n.<\/p><h4>2. Tipos de cookies que utiliza esta web<\/h4><p data-start=\"4933\" data-end=\"4995\">Este sitio web puede utilizar los siguientes tipos de cookies:<\/p><ul data-start=\"4997\" data-end=\"5528\"><li data-start=\"4997\" data-end=\"5115\"><p data-start=\"4999\" data-end=\"5115\"><strong data-start=\"4999\" data-end=\"5020\">Cookies t\u00e9cnicas:<\/strong> necesarias para el correcto funcionamiento de la web y la gesti\u00f3n de reservas o formularios.<\/p><\/li><li data-start=\"5116\" data-end=\"5236\"><p data-start=\"5118\" data-end=\"5236\"><strong data-start=\"5118\" data-end=\"5149\">Cookies de personalizaci\u00f3n:<\/strong> permiten recordar las preferencias del usuario (por ejemplo, idioma o zona horaria).<\/p><\/li><li data-start=\"5237\" data-end=\"5402\"><p data-start=\"5239\" data-end=\"5402\"><strong data-start=\"5239\" data-end=\"5289\">Cookies anal\u00edticas (Google Analytics u otras):<\/strong> permiten obtener estad\u00edsticas an\u00f3nimas sobre el uso de la web (p\u00e1ginas visitadas, tiempo de navegaci\u00f3n, etc.).<\/p><\/li><li data-start=\"5403\" data-end=\"5528\"><p data-start=\"5405\" data-end=\"5528\"><strong data-start=\"5405\" data-end=\"5435\">Cookies de redes sociales:<\/strong> vinculadas a botones de \u201cMe gusta\u201d o \u201cCompartir\u201d de plataformas como Facebook o Instagram.<\/p><\/li><\/ul><h4>3. Gesti\u00f3n y desactivaci\u00f3n de cookies<\/h4><p data-start=\"5572\" data-end=\"5702\">El usuario puede permitir, bloquear o eliminar las cookies instaladas en su dispositivo mediante la configuraci\u00f3n de su navegador:<\/p><ul data-start=\"5704\" data-end=\"6144\"><li data-start=\"5704\" data-end=\"5798\"><p data-start=\"5706\" data-end=\"5798\"><a href=\"https:\/\/support.google.com\/chrome\/answer\/95647?hl=es\" target=\"_blank\" rel=\"noopener\">Configuraci\u00f3n de cookies en Chrome<\/a><\/p><\/li><li data-start=\"5799\" data-end=\"5926\"><p data-start=\"5801\" data-end=\"5926\"><a class=\"decorated-link\" href=\"https:\/\/support.mozilla.org\/es\/kb\/impedir-que-los-sitios-web-guarden-sus-preferencia\" target=\"_new\" rel=\"noopener\" data-start=\"5801\" data-end=\"5924\">Configuraci\u00f3n de cookies en Firefox<\/a><\/p><\/li><li data-start=\"5927\" data-end=\"6027\"><p data-start=\"5929\" data-end=\"6027\"><a href=\"https:\/\/support.apple.com\/es-es\/guide\/safari\/sfri11471\/mac\" target=\"_blank\" rel=\"noopener\">Configuraci\u00f3n de cookies en Safari<\/a><\/p><\/li><li data-start=\"6028\" data-end=\"6144\"><p data-start=\"6030\" data-end=\"6144\"><a href=\"https:\/\/support.microsoft.com\/es-es\/help\/4027947\/microsoft-edge-delete-cookies\" target=\"_blank\" rel=\"noopener\">Configuraci\u00f3n de cookies en Edge<\/a><\/p><\/li><\/ul><h4>4. Consentimiento<\/h4><p data-start=\"6168\" data-end=\"6429\">Al acceder al sitio web, el usuario puede aceptar o rechazar el uso de cookies no esenciales mediante el aviso emergente (banner de cookies).<br data-start=\"6309\" data-end=\"6312\" \/>El consentimiento puede modificarse o retirarse en cualquier momento desde la configuraci\u00f3n de cookies del navegador.<\/p>\t\t\t\t\t\t\t\t<\/div>\n\t\t\t\t<\/div>\n\t\t\t\t\t<\/div>\n\t\t<\/div>\n\t\t\t\t\t<\/div>\n\t\t<\/section>\n\t\t\t\t<\/div>","protected":false},"excerpt":{"rendered":"<p>POLITICA DE COOKIES 1. \u00bfQu\u00e9 son las cookies? Las cookies son peque\u00f1os archivos que se descargan en el dispositivo del usuario al acceder a determinadas p\u00e1ginas web. Sirven para almacenar informaci\u00f3n que facilita o mejora la experiencia de navegaci\u00f3n. 2. Tipos de cookies que utiliza esta web Este sitio web puede utilizar los siguientes tipos [&hellip;]<\/p>","protected":false},"author":2,"featured_media":0,"parent":0,"menu_order":0,"comment_status":"closed","ping_status":"closed","template":"","meta":{"footnotes":""},"class_list":["post-1271","page","type-page","status-publish","hentry"],"_links":{"self":[{"href":"https:\/\/rtecasaalba.com\/en\/wp-json\/wp\/v2\/pages\/1271","targetHints":{"allow":["GET"]}}],"collection":[{"href":"https:\/\/rtecasaalba.com\/en\/wp-json\/wp\/v2\/pages"}],"about":[{"href":"https:\/\/rtecasaalba.com\/en\/wp-json\/wp\/v2\/types\/page"}],"author":[{"embeddable":true,"href":"https:\/\/rtecasaalba.com\/en\/wp-json\/wp\/v2\/users\/2"}],"replies":[{"embeddable":true,"href":"https:\/\/rtecasaalba.com\/en\/wp-json\/wp\/v2\/comments?post=1271"}],"version-history":[{"count":8,"href":"https:\/\/rtecasaalba.com\/en\/wp-json\/wp\/v2\/pages\/1271\/revisions"}],"predecessor-version":[{"id":1280,"href":"https:\/\/rtecasaalba.com\/en\/wp-json\/wp\/v2\/pages\/1271\/revisions\/1280"}],"wp:attachment":[{"href":"https:\/\/rtecasaalba.com\/en\/wp-json\/wp\/v2\/media?parent=1271"}],"curies":[{"name":"wp","href":"https:\/\/api.w.org\/{rel}","templated":true}]}}